{"id":187,"date":"2020-07-28T12:17:29","date_gmt":"2020-07-28T12:17:29","guid":{"rendered":"https:\/\/vanboekel.com\/de\/?page_id=187"},"modified":"2020-11-28T11:14:18","modified_gmt":"2020-11-28T11:14:18","slug":"mission-vision","status":"publish","type":"page","link":"https:\/\/vanboekel.com\/de\/mission-vision\/","title":{"rendered":"Mission Vision"},"content":{"rendered":"<div id='av-layout-grid-1'  class='av-layout-grid-container av-2p29j-7e478eb9cebd34dfae69da33cff88c6a entry-content-wrapper main_color av-flex-cells  avia-builder-el-0  el_before_av_layout_row  avia-builder-el-first   container_wrap sidebar_right'  >\n\n<style type=\"text\/css\" data-created_by=\"avia_inline_auto\" id=\"style-css-av-kd5kkt72-2ea46c6ed2157eeb0223614dac502392\">\n.flex_cell.av-kd5kkt72-2ea46c6ed2157eeb0223614dac502392{\nvertical-align:middle;\n}\n.responsive #top #wrap_all .flex_cell.av-kd5kkt72-2ea46c6ed2157eeb0223614dac502392{\npadding:80px 80px 80px 80px !important;\n}\n<\/style>\n<div class='flex_cell av-kd5kkt72-2ea46c6ed2157eeb0223614dac502392 av-gridrow-cell av_one_half no_margin  avia-builder-el-1  el_before_av_cell_one_half  avia-builder-el-first  content-align-middle avia-full-stretch'  ><div class='flex_cell_inner'><p>\n<style type=\"text\/css\" data-created_by=\"avia_inline_auto\" id=\"style-css-av-kd5wcyoy-f99a32a5130c0f700f48adab72341568\">\n#top .av-special-heading.av-kd5wcyoy-f99a32a5130c0f700f48adab72341568{\npadding-bottom:10px;\n}\nbody .av-special-heading.av-kd5wcyoy-f99a32a5130c0f700f48adab72341568 .av-special-heading-tag .heading-char{\nfont-size:25px;\n}\n.av-special-heading.av-kd5wcyoy-f99a32a5130c0f700f48adab72341568 .av-subheading{\nfont-size:15px;\n}\n<\/style>\n<div  class='av-special-heading av-kd5wcyoy-f99a32a5130c0f700f48adab72341568 av-special-heading-h1 blockquote modern-quote  avia-builder-el-2  el_before_av_hr  avia-builder-el-first '><h1 class='av-special-heading-tag '  itemprop=\"headline\"  >Mission<\/h1><div class=\"special-heading-border\"><div class=\"special-heading-inner-border\"><\/div><\/div><\/div><br \/>\n\n<style type=\"text\/css\" data-created_by=\"avia_inline_auto\" id=\"style-css-av-kd5knzwd-b771653018ff7e36b1cf8a0ce842bbe8\">\n#top .hr.av-kd5knzwd-b771653018ff7e36b1cf8a0ce842bbe8{\nmargin-top:15px;\nmargin-bottom:20px;\n}\n.hr.av-kd5knzwd-b771653018ff7e36b1cf8a0ce842bbe8 .hr-inner{\nwidth:80px;\nborder-color:#c1e38b;\n}\n<\/style>\n<div  class='hr av-kd5knzwd-b771653018ff7e36b1cf8a0ce842bbe8 hr-custom  avia-builder-el-3  el_after_av_heading  el_before_av_textblock  hr-left hr-icon-no'><span class='hr-inner inner-border-av-border-fat'><span class=\"hr-inner-style\"><\/span><\/span><\/div><br \/>\n<section  class='av_textblock_section av-kd5kpckl-397e2d472698acefb95f87abf0857b74 '   itemscope=\"itemscope\" itemtype=\"https:\/\/schema.org\/CreativeWork\" ><div class='avia_textblock'  itemprop=\"text\" ><p>Van Boekel liefert nachhaltige Antworten auf ziviltechnische, umwelttechnische und entwicklungspolitische Fragen f\u00fcr den \u00f6ffentlichen Raum. Das f\u00fchrt zu wohldurchdachten L\u00f6sungen, die sich auch in ferner Zukunft f\u00fcr unsere Kunden \u2012 in der Mehrzahl Beh\u00f6rden im In- und Ausland \u2012 als nachhaltig erweisen werden. Als internationales, spezialisiertes multidisziplin\u00e4res Unternehmen sind wir in der Lage, mit den gr\u00f6\u00dften Akteuren mitzuhalten, wenn es um Wissen und Ehrgeiz geht. Wo andere Akteure aussteigen, weil es ihnen an K\u00f6nnen, Mut und Entschlossenheit fehlt, macht Van Boekel weiter, als Partner w\u00e4hrend des gesamten Bauprozesses.<\/p>\n<p>Dennoch ist Wachstum kein Ziel an sich: Wir legen mehr Wert auf die pers\u00f6nliche Entwicklung unserer Mitarbeiter. Denn dadurch k\u00f6nnen wir in Zukunft noch bessere Dienstleistungen liefern. Wir sind der nachhaltige Akteur, der auch in Marktnischen aktiv ist. Wir verf\u00fcgen \u00fcber die dazu erforderliche Innovationskraft, und so k\u00f6nnen wir dem Markt einen Mehrwert bieten. Gerade wegen dieses sich ver\u00e4ndernden Marktes setzen wir auf Inhalte und Prozesse. Unsere Qualit\u00e4t w\u00e4chst immerzu weiter und dabei bauen wir auf dem Fundament unseres Familienunternehmens auf.<\/p>\n<\/div><\/section><\/p>\n<\/div><\/div>\n<style type=\"text\/css\" data-created_by=\"avia_inline_auto\" id=\"style-css-av-kd5ks519-5a8accb2426459cf47d1772873c35ce4\">\n.flex_cell.av-kd5ks519-5a8accb2426459cf47d1772873c35ce4{\nvertical-align:middle;\nbackground:url(https:\/\/vanboekel.com\/de\/wp-content\/uploads\/sites\/2\/2020\/07\/Missie.jpg) 50% 50% no-repeat scroll ;\n}\n.responsive #top #wrap_all .flex_cell.av-kd5ks519-5a8accb2426459cf47d1772873c35ce4{\npadding:30px 30px 30px 30px !important;\n}\n<\/style>\n<div class='flex_cell av-kd5ks519-5a8accb2426459cf47d1772873c35ce4 av-gridrow-cell av_one_half no_margin  avia-builder-el-5  el_after_av_cell_one_half  avia-builder-el-last  content-align-middle avia-full-stretch'  ><div class='flex_cell_inner'><\/div><\/div><\/div><div id='av-layout-grid-2'  class='av-layout-grid-container av-11snm-916bf4d2433b6a7f79d7079e88b23691 entry-content-wrapper main_color av-fixed-cells  avia-builder-el-6  el_after_av_layout_row  el_before_av_layout_row  grid-row-not-first  container_wrap sidebar_right'  >\n\n<style type=\"text\/css\" data-created_by=\"avia_inline_auto\" id=\"style-css-av-k1uqvdff-fb6a9b6760bff651aa7861341ef3fcf4\">\n.flex_cell.av-k1uqvdff-fb6a9b6760bff651aa7861341ef3fcf4{\nvertical-align:top;\nheight:15px;\nmin-height:15px;\nbackground-color:#6caf00;\n}\n.responsive #top #wrap_all .flex_cell.av-k1uqvdff-fb6a9b6760bff651aa7861341ef3fcf4{\npadding:0px 0px 0px 0px !important;\n}\n<\/style>\n<div class='flex_cell av-k1uqvdff-fb6a9b6760bff651aa7861341ef3fcf4 av-gridrow-cell av_one_third no_margin  avia-builder-el-7  el_before_av_cell_one_third  avia-builder-el-first  content-align-top av-zero-padding'  ><div class='flex_cell_inner'><\/div><\/div>\n<style type=\"text\/css\" data-created_by=\"avia_inline_auto\" id=\"style-css-av-k1uqvg2p-c4c08a95850980072f8421465b60b155\">\n.flex_cell.av-k1uqvg2p-c4c08a95850980072f8421465b60b155{\nvertical-align:top;\nheight:15px;\nmin-height:15px;\nbackground-color:#90cd2e;\n}\n.responsive #top #wrap_all .flex_cell.av-k1uqvg2p-c4c08a95850980072f8421465b60b155{\npadding:0px 0px 0px 0px !important;\n}\n<\/style>\n<div class='flex_cell av-k1uqvg2p-c4c08a95850980072f8421465b60b155 av-gridrow-cell av_one_third no_margin  avia-builder-el-8  el_after_av_cell_one_third  el_before_av_cell_one_third  content-align-top av-zero-padding'  ><div class='flex_cell_inner'><\/div><\/div>\n<style type=\"text\/css\" data-created_by=\"avia_inline_auto\" id=\"style-css-av-k1uqvg2p-40c9151bb7694cf7b065d7eac7cd44b6\">\n.flex_cell.av-k1uqvg2p-40c9151bb7694cf7b065d7eac7cd44b6{\nvertical-align:top;\nheight:15px;\nmin-height:15px;\nbackground-color:#c1e38b;\n}\n.responsive #top #wrap_all .flex_cell.av-k1uqvg2p-40c9151bb7694cf7b065d7eac7cd44b6{\npadding:0px 0px 0px 0px !important;\n}\n<\/style>\n<div class='flex_cell av-k1uqvg2p-40c9151bb7694cf7b065d7eac7cd44b6 av-gridrow-cell av_one_third no_margin  avia-builder-el-9  el_after_av_cell_one_third  avia-builder-el-last  content-align-top av-zero-padding'  ><div class='flex_cell_inner'><\/div><\/div>\n<\/div><\/p>\n<div id='av-layout-grid-3'  class='av-layout-grid-container av-3zmnj-9940b0345960be7cbc6e4c45529e57fc entry-content-wrapper main_color av-flex-cells  avia-builder-el-10  el_after_av_layout_row  el_before_av_layout_row  grid-row-not-first  container_wrap sidebar_right'  >\n\n<style type=\"text\/css\" data-created_by=\"avia_inline_auto\" id=\"style-css-av-kd5kkt72-8aeb3ea5441d8b7f7089e5c48320c442\">\n.flex_cell.av-kd5kkt72-8aeb3ea5441d8b7f7089e5c48320c442{\nvertical-align:middle;\nbackground:url(https:\/\/vanboekel.com\/de\/wp-content\/uploads\/sites\/2\/2020\/07\/Visie.jpg) 50% 50% no-repeat scroll ;\n}\n.responsive #top #wrap_all .flex_cell.av-kd5kkt72-8aeb3ea5441d8b7f7089e5c48320c442{\npadding:80px 80px 80px 80px !important;\n}\n<\/style>\n<div class='flex_cell av-kd5kkt72-8aeb3ea5441d8b7f7089e5c48320c442 av-gridrow-cell av_one_half no_margin  avia-builder-el-11  el_before_av_cell_one_half  avia-builder-el-first  content-align-middle avia-full-stretch'  ><div class='flex_cell_inner'><\/div><\/div><div class='flex_cell av-3a757-1791c03bbd2dbf665609e22b715f87c8 av-gridrow-cell av_one_half no_margin  avia-builder-el-12  el_after_av_cell_one_half  avia-builder-el-last '  ><div class='flex_cell_inner'><p>\n<style type=\"text\/css\" data-created_by=\"avia_inline_auto\" id=\"style-css-av-kd5wd5vg-3620337685a6898c951e20d12d5c03a5\">\n#top .av-special-heading.av-kd5wd5vg-3620337685a6898c951e20d12d5c03a5{\npadding-bottom:10px;\n}\nbody .av-special-heading.av-kd5wd5vg-3620337685a6898c951e20d12d5c03a5 .av-special-heading-tag .heading-char{\nfont-size:25px;\n}\n.av-special-heading.av-kd5wd5vg-3620337685a6898c951e20d12d5c03a5 .av-subheading{\nfont-size:15px;\n}\n<\/style>\n<div  class='av-special-heading av-kd5wd5vg-3620337685a6898c951e20d12d5c03a5 av-special-heading-h1 blockquote modern-quote  avia-builder-el-13  el_before_av_hr  avia-builder-el-first '><h1 class='av-special-heading-tag '  itemprop=\"headline\"  >Vision<\/h1><div class=\"special-heading-border\"><div class=\"special-heading-inner-border\"><\/div><\/div><\/div><br \/>\n\n<style type=\"text\/css\" data-created_by=\"avia_inline_auto\" id=\"style-css-av-kd5knzwd-b771653018ff7e36b1cf8a0ce842bbe8\">\n#top .hr.av-kd5knzwd-b771653018ff7e36b1cf8a0ce842bbe8{\nmargin-top:15px;\nmargin-bottom:20px;\n}\n.hr.av-kd5knzwd-b771653018ff7e36b1cf8a0ce842bbe8 .hr-inner{\nwidth:80px;\nborder-color:#c1e38b;\n}\n<\/style>\n<div  class='hr av-kd5knzwd-b771653018ff7e36b1cf8a0ce842bbe8 hr-custom  avia-builder-el-14  el_after_av_heading  el_before_av_textblock  hr-left hr-icon-no'><span class='hr-inner inner-border-av-border-fat'><span class=\"hr-inner-style\"><\/span><\/span><\/div><br \/>\n<section  class='av_textblock_section av-kd5kpckl-397e2d472698acefb95f87abf0857b74 '   itemscope=\"itemscope\" itemtype=\"https:\/\/schema.org\/CreativeWork\" ><div class='avia_textblock'  itemprop=\"text\" ><p>Van Boekel denkt mit dem Markt mit. Wir nutzen Chancen und haben eine gesunde Portion Opportunismus. Wir kennen den Markt, und der Markt wei\u00df, was wir k\u00f6nnen. Wir haben ein offenes Ohr f\u00fcr die Fragen unserer Kunden und stimmen unsere Dienstleistungen auf ihre Bed\u00fcrfnisse ab. Aber wir treiben auch jede interne Idee oder innovative Vision voran. Kreativit\u00e4t steckt uns im Blut. Gerade wegen des Engagements und der kurzen Kommunikationslinien in einem Familienunternehmen gibt es viel Raum f\u00fcr Innovation. Wir denken in M\u00f6glichkeiten. Mit unseren fachspezifischen Aktivit\u00e4ten f\u00fchlen wir uns immer mehr in unserem Element. Dar\u00fcber hinaus sind wir f\u00fcr unsere Mitarbeiter ein herausfordernder und zuverl\u00e4ssiger Arbeitgeber.<\/p>\n<p>Als Hybridbauherr arbeiten wir so effizient wie m\u00f6glich an multidisziplin\u00e4ren Projekten f\u00fcr \u00f6ffentliche und private Auftraggeber im Erd-, Tief-, Beton- und Nutzbau im In- und Ausland. Unsere Kunden geben uns ein Ziel vor und wir denken dar\u00fcber nach, wie wir dieses Ziel so effizient wie m\u00f6glich bei geringstm\u00f6glichen Fehlerkosten erreichen k\u00f6nnen. Wir \u00fcbernehmen Verantwortung. Als zuverl\u00e4ssiger Kooperationspartner bauen wir so schnell wie m\u00f6glich eine Bindung zum Auftraggeber oder Subunternehmer auf. Wir sind zuverl\u00e4ssig und halten uns an finanzielle und operative Vereinbarungen.<\/p>\n<\/div><\/section><\/p>\n<\/div><\/div><\/div><div id='av-layout-grid-4'  class='av-layout-grid-container av-11snm-916bf4d2433b6a7f79d7079e88b23691 entry-content-wrapper main_color av-fixed-cells  avia-builder-el-16  el_after_av_layout_row  avia-builder-el-last  grid-row-not-first  container_wrap sidebar_right'  >\n\n<style type=\"text\/css\" data-created_by=\"avia_inline_auto\" id=\"style-css-av-k1uqvdff-fb6a9b6760bff651aa7861341ef3fcf4\">\n.flex_cell.av-k1uqvdff-fb6a9b6760bff651aa7861341ef3fcf4{\nvertical-align:top;\nheight:15px;\nmin-height:15px;\nbackground-color:#6caf00;\n}\n.responsive #top #wrap_all .flex_cell.av-k1uqvdff-fb6a9b6760bff651aa7861341ef3fcf4{\npadding:0px 0px 0px 0px !important;\n}\n<\/style>\n<div class='flex_cell av-k1uqvdff-fb6a9b6760bff651aa7861341ef3fcf4 av-gridrow-cell av_one_third no_margin  avia-builder-el-17  el_before_av_cell_one_third  avia-builder-el-first  content-align-top av-zero-padding'  ><div class='flex_cell_inner'><\/div><\/div>\n<style type=\"text\/css\" data-created_by=\"avia_inline_auto\" id=\"style-css-av-k1uqvg2p-c4c08a95850980072f8421465b60b155\">\n.flex_cell.av-k1uqvg2p-c4c08a95850980072f8421465b60b155{\nvertical-align:top;\nheight:15px;\nmin-height:15px;\nbackground-color:#90cd2e;\n}\n.responsive #top #wrap_all .flex_cell.av-k1uqvg2p-c4c08a95850980072f8421465b60b155{\npadding:0px 0px 0px 0px !important;\n}\n<\/style>\n<div class='flex_cell av-k1uqvg2p-c4c08a95850980072f8421465b60b155 av-gridrow-cell av_one_third no_margin  avia-builder-el-18  el_after_av_cell_one_third  el_before_av_cell_one_third  content-align-top av-zero-padding'  ><div class='flex_cell_inner'><\/div><\/div>\n<style type=\"text\/css\" data-created_by=\"avia_inline_auto\" id=\"style-css-av-k1uqvg2p-40c9151bb7694cf7b065d7eac7cd44b6\">\n.flex_cell.av-k1uqvg2p-40c9151bb7694cf7b065d7eac7cd44b6{\nvertical-align:top;\nheight:15px;\nmin-height:15px;\nbackground-color:#c1e38b;\n}\n.responsive #top #wrap_all .flex_cell.av-k1uqvg2p-40c9151bb7694cf7b065d7eac7cd44b6{\npadding:0px 0px 0px 0px !important;\n}\n<\/style>\n<div class='flex_cell av-k1uqvg2p-40c9151bb7694cf7b065d7eac7cd44b6 av-gridrow-cell av_one_third no_margin  avia-builder-el-19  el_after_av_cell_one_third  avia-builder-el-last  content-align-top av-zero-padding'  ><div class='flex_cell_inner'><\/div><\/div>\n<\/div><\/p>\n","protected":false},"excerpt":{"rendered":"","protected":false},"author":5,"featured_media":188,"parent":0,"menu_order":0,"comment_status":"closed","ping_status":"closed","template":"","meta":{"footnotes":""},"class_list":["post-187","page","type-page","status-publish","has-post-thumbnail","hentry"],"yoast_head":"<!-- This site is optimized with the Yoast SEO plugin v27.3 - https:\/\/yoast.com\/product\/yoast-seo-wordpress\/ -->\n<title>Van Boekel ist ein nachhaltiger Hybridbauer, der nach Nischen sucht.<\/title>\n<meta name=\"description\" content=\"Wir sind der nachhaltige Hybrid-Player, der nach Nischen sucht. Wir haben die Kraft zur Innovation und damit zur Wertsch\u00f6pfung auf dem Markt.\" \/>\n<meta name=\"robots\" content=\"index, follow, max-snippet:-1, max-image-preview:large, max-video-preview:-1\" \/>\n<link rel=\"canonical\" href=\"https:\/\/vanboekel.com\/de\/mission-vision\/\" \/>\n<meta property=\"og:locale\" content=\"de_DE\" \/>\n<meta property=\"og:type\" content=\"article\" \/>\n<meta property=\"og:title\" content=\"Van Boekel ist ein nachhaltiger Hybridbauer, der nach Nischen sucht.\" \/>\n<meta property=\"og:description\" content=\"Wir sind der nachhaltige Hybrid-Player, der nach Nischen sucht. Wir haben die Kraft zur Innovation und damit zur Wertsch\u00f6pfung auf dem Markt.\" \/>\n<meta property=\"og:url\" content=\"https:\/\/vanboekel.com\/de\/mission-vision\/\" \/>\n<meta property=\"og:site_name\" content=\"Van Boekel DE\" \/>\n<meta property=\"article:modified_time\" content=\"2020-11-28T11:14:18+00:00\" \/>\n<meta property=\"og:image\" content=\"https:\/\/vanboekel.com\/de\/wp-content\/uploads\/sites\/2\/2020\/07\/Missie.jpg\" \/>\n\t<meta property=\"og:image:width\" content=\"1700\" \/>\n\t<meta property=\"og:image:height\" content=\"850\" \/>\n\t<meta property=\"og:image:type\" content=\"image\/jpeg\" \/>\n<meta name=\"twitter:card\" content=\"summary_large_image\" \/>\n<meta name=\"twitter:label1\" content=\"Gesch\u00e4tzte Lesezeit\" \/>\n\t<meta name=\"twitter:data1\" content=\"8\u00a0Minuten\" \/>\n<script type=\"application\/ld+json\" class=\"yoast-schema-graph\">{\"@context\":\"https:\\\/\\\/schema.org\",\"@graph\":[{\"@type\":\"WebPage\",\"@id\":\"https:\\\/\\\/vanboekel.com\\\/de\\\/mission-vision\\\/\",\"url\":\"https:\\\/\\\/vanboekel.com\\\/de\\\/mission-vision\\\/\",\"name\":\"Van Boekel ist ein nachhaltiger Hybridbauer, der nach Nischen sucht.\",\"isPartOf\":{\"@id\":\"https:\\\/\\\/vanboekel.com\\\/de\\\/#website\"},\"primaryImageOfPage\":{\"@id\":\"https:\\\/\\\/vanboekel.com\\\/de\\\/mission-vision\\\/#primaryimage\"},\"image\":{\"@id\":\"https:\\\/\\\/vanboekel.com\\\/de\\\/mission-vision\\\/#primaryimage\"},\"thumbnailUrl\":\"https:\\\/\\\/vanboekel.com\\\/de\\\/wp-content\\\/uploads\\\/sites\\\/2\\\/2020\\\/07\\\/Missie.jpg\",\"datePublished\":\"2020-07-28T12:17:29+00:00\",\"dateModified\":\"2020-11-28T11:14:18+00:00\",\"description\":\"Wir sind der nachhaltige Hybrid-Player, der nach Nischen sucht. Wir haben die Kraft zur Innovation und damit zur Wertsch\u00f6pfung auf dem Markt.\",\"breadcrumb\":{\"@id\":\"https:\\\/\\\/vanboekel.com\\\/de\\\/mission-vision\\\/#breadcrumb\"},\"inLanguage\":\"de\",\"potentialAction\":[{\"@type\":\"ReadAction\",\"target\":[\"https:\\\/\\\/vanboekel.com\\\/de\\\/mission-vision\\\/\"]}]},{\"@type\":\"ImageObject\",\"inLanguage\":\"de\",\"@id\":\"https:\\\/\\\/vanboekel.com\\\/de\\\/mission-vision\\\/#primaryimage\",\"url\":\"https:\\\/\\\/vanboekel.com\\\/de\\\/wp-content\\\/uploads\\\/sites\\\/2\\\/2020\\\/07\\\/Missie.jpg\",\"contentUrl\":\"https:\\\/\\\/vanboekel.com\\\/de\\\/wp-content\\\/uploads\\\/sites\\\/2\\\/2020\\\/07\\\/Missie.jpg\",\"width\":1700,\"height\":850},{\"@type\":\"BreadcrumbList\",\"@id\":\"https:\\\/\\\/vanboekel.com\\\/de\\\/mission-vision\\\/#breadcrumb\",\"itemListElement\":[{\"@type\":\"ListItem\",\"position\":1,\"name\":\"Home\",\"item\":\"https:\\\/\\\/vanboekel.com\\\/de\\\/home\\\/\"},{\"@type\":\"ListItem\",\"position\":2,\"name\":\"Mission Vision\"}]},{\"@type\":\"WebSite\",\"@id\":\"https:\\\/\\\/vanboekel.com\\\/de\\\/#website\",\"url\":\"https:\\\/\\\/vanboekel.com\\\/de\\\/\",\"name\":\"Van Boekel DE\",\"description\":\"Een andere Van Boekel sites site\",\"potentialAction\":[{\"@type\":\"SearchAction\",\"target\":{\"@type\":\"EntryPoint\",\"urlTemplate\":\"https:\\\/\\\/vanboekel.com\\\/de\\\/?s={search_term_string}\"},\"query-input\":{\"@type\":\"PropertyValueSpecification\",\"valueRequired\":true,\"valueName\":\"search_term_string\"}}],\"inLanguage\":\"de\"}]}<\/script>\n<!-- \/ Yoast SEO plugin. -->","yoast_head_json":{"title":"Van Boekel ist ein nachhaltiger Hybridbauer, der nach Nischen sucht.","description":"Wir sind der nachhaltige Hybrid-Player, der nach Nischen sucht. Wir haben die Kraft zur Innovation und damit zur Wertsch\u00f6pfung auf dem Markt.","robots":{"index":"index","follow":"follow","max-snippet":"max-snippet:-1","max-image-preview":"max-image-preview:large","max-video-preview":"max-video-preview:-1"},"canonical":"https:\/\/vanboekel.com\/de\/mission-vision\/","og_locale":"de_DE","og_type":"article","og_title":"Van Boekel ist ein nachhaltiger Hybridbauer, der nach Nischen sucht.","og_description":"Wir sind der nachhaltige Hybrid-Player, der nach Nischen sucht. Wir haben die Kraft zur Innovation und damit zur Wertsch\u00f6pfung auf dem Markt.","og_url":"https:\/\/vanboekel.com\/de\/mission-vision\/","og_site_name":"Van Boekel DE","article_modified_time":"2020-11-28T11:14:18+00:00","og_image":[{"width":1700,"height":850,"url":"https:\/\/vanboekel.com\/de\/wp-content\/uploads\/sites\/2\/2020\/07\/Missie.jpg","type":"image\/jpeg"}],"twitter_card":"summary_large_image","twitter_misc":{"Gesch\u00e4tzte Lesezeit":"8\u00a0Minuten"},"schema":{"@context":"https:\/\/schema.org","@graph":[{"@type":"WebPage","@id":"https:\/\/vanboekel.com\/de\/mission-vision\/","url":"https:\/\/vanboekel.com\/de\/mission-vision\/","name":"Van Boekel ist ein nachhaltiger Hybridbauer, der nach Nischen sucht.","isPartOf":{"@id":"https:\/\/vanboekel.com\/de\/#website"},"primaryImageOfPage":{"@id":"https:\/\/vanboekel.com\/de\/mission-vision\/#primaryimage"},"image":{"@id":"https:\/\/vanboekel.com\/de\/mission-vision\/#primaryimage"},"thumbnailUrl":"https:\/\/vanboekel.com\/de\/wp-content\/uploads\/sites\/2\/2020\/07\/Missie.jpg","datePublished":"2020-07-28T12:17:29+00:00","dateModified":"2020-11-28T11:14:18+00:00","description":"Wir sind der nachhaltige Hybrid-Player, der nach Nischen sucht. Wir haben die Kraft zur Innovation und damit zur Wertsch\u00f6pfung auf dem Markt.","breadcrumb":{"@id":"https:\/\/vanboekel.com\/de\/mission-vision\/#breadcrumb"},"inLanguage":"de","potentialAction":[{"@type":"ReadAction","target":["https:\/\/vanboekel.com\/de\/mission-vision\/"]}]},{"@type":"ImageObject","inLanguage":"de","@id":"https:\/\/vanboekel.com\/de\/mission-vision\/#primaryimage","url":"https:\/\/vanboekel.com\/de\/wp-content\/uploads\/sites\/2\/2020\/07\/Missie.jpg","contentUrl":"https:\/\/vanboekel.com\/de\/wp-content\/uploads\/sites\/2\/2020\/07\/Missie.jpg","width":1700,"height":850},{"@type":"BreadcrumbList","@id":"https:\/\/vanboekel.com\/de\/mission-vision\/#breadcrumb","itemListElement":[{"@type":"ListItem","position":1,"name":"Home","item":"https:\/\/vanboekel.com\/de\/home\/"},{"@type":"ListItem","position":2,"name":"Mission Vision"}]},{"@type":"WebSite","@id":"https:\/\/vanboekel.com\/de\/#website","url":"https:\/\/vanboekel.com\/de\/","name":"Van Boekel DE","description":"Een andere Van Boekel sites site","potentialAction":[{"@type":"SearchAction","target":{"@type":"EntryPoint","urlTemplate":"https:\/\/vanboekel.com\/de\/?s={search_term_string}"},"query-input":{"@type":"PropertyValueSpecification","valueRequired":true,"valueName":"search_term_string"}}],"inLanguage":"de"}]}},"_links":{"self":[{"href":"https:\/\/vanboekel.com\/de\/wp-json\/wp\/v2\/pages\/187","targetHints":{"allow":["GET"]}}],"collection":[{"href":"https:\/\/vanboekel.com\/de\/wp-json\/wp\/v2\/pages"}],"about":[{"href":"https:\/\/vanboekel.com\/de\/wp-json\/wp\/v2\/types\/page"}],"author":[{"embeddable":true,"href":"https:\/\/vanboekel.com\/de\/wp-json\/wp\/v2\/users\/5"}],"replies":[{"embeddable":true,"href":"https:\/\/vanboekel.com\/de\/wp-json\/wp\/v2\/comments?post=187"}],"version-history":[{"count":2,"href":"https:\/\/vanboekel.com\/de\/wp-json\/wp\/v2\/pages\/187\/revisions"}],"predecessor-version":[{"id":733,"href":"https:\/\/vanboekel.com\/de\/wp-json\/wp\/v2\/pages\/187\/revisions\/733"}],"wp:featuredmedia":[{"embeddable":true,"href":"https:\/\/vanboekel.com\/de\/wp-json\/wp\/v2\/media\/188"}],"wp:attachment":[{"href":"https:\/\/vanboekel.com\/de\/wp-json\/wp\/v2\/media?parent=187"}],"curies":[{"name":"wp","href":"https:\/\/api.w.org\/{rel}","templated":true}]}}