{"id":207,"date":"2020-07-28T12:48:57","date_gmt":"2020-07-28T12:48:57","guid":{"rendered":"https:\/\/vanboekel.com\/de\/?page_id=207"},"modified":"2020-11-28T12:05:21","modified_gmt":"2020-11-28T12:05:21","slug":"svu","status":"publish","type":"page","link":"https:\/\/vanboekel.com\/de\/svu\/","title":{"rendered":"SVU"},"content":{"rendered":"<div id='av-layout-grid-1'  class='av-layout-grid-container av-2p29j-7e478eb9cebd34dfae69da33cff88c6a entry-content-wrapper main_color av-flex-cells  avia-builder-el-0  el_before_av_layout_row  avia-builder-el-first   container_wrap sidebar_right'  >\n\n<style type=\"text\/css\" data-created_by=\"avia_inline_auto\" id=\"style-css-av-kd5kkt72-2ea46c6ed2157eeb0223614dac502392\">\n.flex_cell.av-kd5kkt72-2ea46c6ed2157eeb0223614dac502392{\nvertical-align:middle;\n}\n.responsive #top #wrap_all .flex_cell.av-kd5kkt72-2ea46c6ed2157eeb0223614dac502392{\npadding:80px 80px 80px 80px !important;\n}\n<\/style>\n<div class='flex_cell av-kd5kkt72-2ea46c6ed2157eeb0223614dac502392 av-gridrow-cell av_one_half no_margin  avia-builder-el-1  el_before_av_cell_one_half  avia-builder-el-first  content-align-middle avia-full-stretch'  ><div class='flex_cell_inner'><p>\n<style type=\"text\/css\" data-created_by=\"avia_inline_auto\" id=\"style-css-av-av_heading-4f0fa4641712c3463c2f52fe8b8ca792\">\n#top .av-special-heading.av-av_heading-4f0fa4641712c3463c2f52fe8b8ca792{\npadding-bottom:10px;\n}\nbody .av-special-heading.av-av_heading-4f0fa4641712c3463c2f52fe8b8ca792 .av-special-heading-tag .heading-char{\nfont-size:25px;\n}\n.av-special-heading.av-av_heading-4f0fa4641712c3463c2f52fe8b8ca792 .av-subheading{\nfont-size:15px;\n}\n<\/style>\n<div  class='av-special-heading av-av_heading-4f0fa4641712c3463c2f52fe8b8ca792 av-special-heading-h1 blockquote modern-quote  avia-builder-el-2  el_before_av_hr  avia-builder-el-first '><h1 class='av-special-heading-tag '  itemprop=\"headline\"  >Sozial verantwortliches Unternehmertum<\/h1><div class=\"special-heading-border\"><div class=\"special-heading-inner-border\"><\/div><\/div><\/div><br \/>\n\n<style type=\"text\/css\" data-created_by=\"avia_inline_auto\" id=\"style-css-av-kd5knzwd-b771653018ff7e36b1cf8a0ce842bbe8\">\n#top .hr.av-kd5knzwd-b771653018ff7e36b1cf8a0ce842bbe8{\nmargin-top:15px;\nmargin-bottom:20px;\n}\n.hr.av-kd5knzwd-b771653018ff7e36b1cf8a0ce842bbe8 .hr-inner{\nwidth:80px;\nborder-color:#c1e38b;\n}\n<\/style>\n<div  class='hr av-kd5knzwd-b771653018ff7e36b1cf8a0ce842bbe8 hr-custom  avia-builder-el-3  el_after_av_heading  el_before_av_textblock  hr-left hr-icon-no'><span class='hr-inner inner-border-av-border-fat'><span class=\"hr-inner-style\"><\/span><\/span><\/div><br \/>\n<section  class='av_textblock_section av-kd5kpckl-397e2d472698acefb95f87abf0857b74 '   itemscope=\"itemscope\" itemtype=\"https:\/\/schema.org\/CreativeWork\" ><div class='avia_textblock'  itemprop=\"text\" ><p>Van Boekel Groep arbeitet mit ihren Kunden zusammen, um die Welt von morgen zu schaffen. Dies tun wir durch die Realisierung von Projekten, die sich positiv auf die Qualit\u00e4t des Au\u00dfenbereichs auswirken. Aufgrund unserer Aktivit\u00e4ten haben wir eine enge Beziehung zur Umwelt und legen gro\u00dfen Wert auf die soziale Verantwortung der Unternehmen. Die Gew\u00e4hrleistung und Aufrechterhaltung sicherer und umweltvertr\u00e4glicher Arbeitsbedingungen ist ein wesentlicher Bestandteil unserer Politik.<\/p>\n<p>Jeder sollte nach einem Arbeitstag abends wieder gesund und munter nach Hause gehen. Van Boekel setzt die Messlatte f\u00fcr sicheres und gesundes Arbeiten hoch an. Die Projekte werden immer komplexer, was bedeutet, dass Sicherheit und sicheres Verhalten immer wichtiger werden. Van Boekel setzt auf eine proaktive Kultur, in der Prozeduren von allen eingehalten werden und gehandelt wird, bevor etwas passieren kann.<\/p>\n<p>Sicherheitsbewusste Mitarbeiter kennen die Folgen von risikoreicher oder ungesunder Arbeit, m\u00f6chten sicher und gesund arbeiten und sprechen einander auf gef\u00e4hrliche oder gesundheitssch\u00e4dliche Situationen und Verhaltensweisen an. Dies verringert das Unfallrisiko und reduziert langfristige arbeitsbedingte Fehlzeiten. Zur Strukturierung unserer Arbeitsprozesse haben wir zwei KAM-Koordinatoren angestellt. Sie sind f\u00fcr die Qualit\u00e4t, die Arbeitsbedingungen und den Umweltschutz in unserem Unternehmen verantwortlich.<\/p>\n<p>Wo immer m\u00f6glich, bringen wir in unsere Projekte einen Sozialrendite-Aspekt ein. Bei jedem Projekt arbeiten wir mit der zust\u00e4ndigen Kommune zusammen, um Besch\u00e4ftigung, Ausbildung und Arbeitserfahrung f\u00fcr Menschen mit einem Abstand zum Arbeitsmarkt zu schaffen. Das k\u00f6nnen Sch\u00fcler sein, aber auch Menschen mit einer Behinderung oder Menschen, die Arbeitslosenhilfe beziehen. Unser Ziel ist es, Menschen l\u00e4ngere Zeit zu besch\u00e4ftigen und ihnen auch nach Abschluss des Projekts eine Besch\u00e4ftigungsm\u00f6glichkeit zu bieten. Ferner unterst\u00fctzen wir verschiedene soziale Projekte und arbeiten regelm\u00e4\u00dfig mit Behindertenwerkst\u00e4tten zusammen.<\/p>\n<\/div><\/section><\/p>\n<\/div><\/div>\n<style type=\"text\/css\" data-created_by=\"avia_inline_auto\" id=\"style-css-av-kd5ks519-a77a626603a3fd935bbc5790a74c6057\">\n.flex_cell.av-kd5ks519-a77a626603a3fd935bbc5790a74c6057{\nvertical-align:middle;\nbackground:url(https:\/\/vanboekel.com\/de\/wp-content\/uploads\/sites\/2\/2020\/07\/SVU.jpg) 50% 50% no-repeat scroll ;\n}\n.responsive #top #wrap_all .flex_cell.av-kd5ks519-a77a626603a3fd935bbc5790a74c6057{\npadding:30px 30px 30px 30px !important;\n}\n<\/style>\n<div class='flex_cell av-kd5ks519-a77a626603a3fd935bbc5790a74c6057 av-gridrow-cell av_one_half no_margin  avia-builder-el-5  el_after_av_cell_one_half  avia-builder-el-last  content-align-middle avia-full-stretch'  ><div class='flex_cell_inner'><\/div><\/div><\/div><div id='av-layout-grid-2'  class='av-layout-grid-container av-11snm-916bf4d2433b6a7f79d7079e88b23691 entry-content-wrapper main_color av-fixed-cells  avia-builder-el-6  el_after_av_layout_row  avia-builder-el-last  grid-row-not-first  container_wrap sidebar_right'  >\n\n<style type=\"text\/css\" data-created_by=\"avia_inline_auto\" id=\"style-css-av-k1uqvdff-fb6a9b6760bff651aa7861341ef3fcf4\">\n.flex_cell.av-k1uqvdff-fb6a9b6760bff651aa7861341ef3fcf4{\nvertical-align:top;\nheight:15px;\nmin-height:15px;\nbackground-color:#6caf00;\n}\n.responsive #top #wrap_all .flex_cell.av-k1uqvdff-fb6a9b6760bff651aa7861341ef3fcf4{\npadding:0px 0px 0px 0px !important;\n}\n<\/style>\n<div class='flex_cell av-k1uqvdff-fb6a9b6760bff651aa7861341ef3fcf4 av-gridrow-cell av_one_third no_margin  avia-builder-el-7  el_before_av_cell_one_third  avia-builder-el-first  content-align-top av-zero-padding'  ><div class='flex_cell_inner'><\/div><\/div>\n<style type=\"text\/css\" data-created_by=\"avia_inline_auto\" id=\"style-css-av-k1uqvg2p-c4c08a95850980072f8421465b60b155\">\n.flex_cell.av-k1uqvg2p-c4c08a95850980072f8421465b60b155{\nvertical-align:top;\nheight:15px;\nmin-height:15px;\nbackground-color:#90cd2e;\n}\n.responsive #top #wrap_all .flex_cell.av-k1uqvg2p-c4c08a95850980072f8421465b60b155{\npadding:0px 0px 0px 0px !important;\n}\n<\/style>\n<div class='flex_cell av-k1uqvg2p-c4c08a95850980072f8421465b60b155 av-gridrow-cell av_one_third no_margin  avia-builder-el-8  el_after_av_cell_one_third  el_before_av_cell_one_third  content-align-top av-zero-padding'  ><div class='flex_cell_inner'><\/div><\/div>\n<style type=\"text\/css\" data-created_by=\"avia_inline_auto\" id=\"style-css-av-k1uqvg2p-40c9151bb7694cf7b065d7eac7cd44b6\">\n.flex_cell.av-k1uqvg2p-40c9151bb7694cf7b065d7eac7cd44b6{\nvertical-align:top;\nheight:15px;\nmin-height:15px;\nbackground-color:#c1e38b;\n}\n.responsive #top #wrap_all .flex_cell.av-k1uqvg2p-40c9151bb7694cf7b065d7eac7cd44b6{\npadding:0px 0px 0px 0px !important;\n}\n<\/style>\n<div class='flex_cell av-k1uqvg2p-40c9151bb7694cf7b065d7eac7cd44b6 av-gridrow-cell av_one_third no_margin  avia-builder-el-9  el_after_av_cell_one_third  avia-builder-el-last  content-align-top av-zero-padding'  ><div class='flex_cell_inner'><\/div><\/div>\n<\/div><\/p>\n","protected":false},"excerpt":{"rendered":"","protected":false},"author":5,"featured_media":209,"parent":0,"menu_order":0,"comment_status":"closed","ping_status":"closed","template":"","meta":{"footnotes":""},"class_list":["post-207","page","type-page","status-publish","has-post-thumbnail","hentry"],"yoast_head":"<!-- This site is optimized with the Yoast SEO plugin v27.3 - https:\/\/yoast.com\/product\/yoast-seo-wordpress\/ -->\n<title>Van Boekel tr\u00e4gt zur sozialen Verantwortung von Unternehmen bei<\/title>\n<meta name=\"description\" content=\"Die Van Boekel Groep arbeitet mit ihren Kunden zusammen, um die Welt von morgen zu schaffen. Durch die Realisierung von Projekten, die dem Au\u00dfenraum eine hohe Qualit\u00e4t verleihen.\" \/>\n<meta name=\"robots\" content=\"index, follow, max-snippet:-1, max-image-preview:large, max-video-preview:-1\" \/>\n<link rel=\"canonical\" href=\"https:\/\/vanboekel.com\/de\/svu\/\" \/>\n<meta property=\"og:locale\" content=\"de_DE\" \/>\n<meta property=\"og:type\" content=\"article\" \/>\n<meta property=\"og:title\" content=\"Van Boekel tr\u00e4gt zur sozialen Verantwortung von Unternehmen bei\" \/>\n<meta property=\"og:description\" content=\"Die Van Boekel Groep arbeitet mit ihren Kunden zusammen, um die Welt von morgen zu schaffen. Durch die Realisierung von Projekten, die dem Au\u00dfenraum eine hohe Qualit\u00e4t verleihen.\" \/>\n<meta property=\"og:url\" content=\"https:\/\/vanboekel.com\/de\/svu\/\" \/>\n<meta property=\"og:site_name\" content=\"Van Boekel DE\" \/>\n<meta property=\"article:modified_time\" content=\"2020-11-28T12:05:21+00:00\" \/>\n<meta property=\"og:image\" content=\"https:\/\/vanboekel.com\/de\/wp-content\/uploads\/sites\/2\/2020\/07\/SVU.jpg\" \/>\n\t<meta property=\"og:image:width\" content=\"1700\" \/>\n\t<meta property=\"og:image:height\" content=\"850\" \/>\n\t<meta property=\"og:image:type\" content=\"image\/jpeg\" \/>\n<meta name=\"twitter:card\" content=\"summary_large_image\" \/>\n<meta name=\"twitter:label1\" content=\"Gesch\u00e4tzte Lesezeit\" \/>\n\t<meta name=\"twitter:data1\" content=\"5\u00a0Minuten\" \/>\n<script type=\"application\/ld+json\" class=\"yoast-schema-graph\">{\"@context\":\"https:\\\/\\\/schema.org\",\"@graph\":[{\"@type\":\"WebPage\",\"@id\":\"https:\\\/\\\/vanboekel.com\\\/de\\\/svu\\\/\",\"url\":\"https:\\\/\\\/vanboekel.com\\\/de\\\/svu\\\/\",\"name\":\"Van Boekel tr\u00e4gt zur sozialen Verantwortung von Unternehmen bei\",\"isPartOf\":{\"@id\":\"https:\\\/\\\/vanboekel.com\\\/de\\\/#website\"},\"primaryImageOfPage\":{\"@id\":\"https:\\\/\\\/vanboekel.com\\\/de\\\/svu\\\/#primaryimage\"},\"image\":{\"@id\":\"https:\\\/\\\/vanboekel.com\\\/de\\\/svu\\\/#primaryimage\"},\"thumbnailUrl\":\"https:\\\/\\\/vanboekel.com\\\/de\\\/wp-content\\\/uploads\\\/sites\\\/2\\\/2020\\\/07\\\/SVU.jpg\",\"datePublished\":\"2020-07-28T12:48:57+00:00\",\"dateModified\":\"2020-11-28T12:05:21+00:00\",\"description\":\"Die Van Boekel Groep arbeitet mit ihren Kunden zusammen, um die Welt von morgen zu schaffen. Durch die Realisierung von Projekten, die dem Au\u00dfenraum eine hohe Qualit\u00e4t verleihen.\",\"breadcrumb\":{\"@id\":\"https:\\\/\\\/vanboekel.com\\\/de\\\/svu\\\/#breadcrumb\"},\"inLanguage\":\"de\",\"potentialAction\":[{\"@type\":\"ReadAction\",\"target\":[\"https:\\\/\\\/vanboekel.com\\\/de\\\/svu\\\/\"]}]},{\"@type\":\"ImageObject\",\"inLanguage\":\"de\",\"@id\":\"https:\\\/\\\/vanboekel.com\\\/de\\\/svu\\\/#primaryimage\",\"url\":\"https:\\\/\\\/vanboekel.com\\\/de\\\/wp-content\\\/uploads\\\/sites\\\/2\\\/2020\\\/07\\\/SVU.jpg\",\"contentUrl\":\"https:\\\/\\\/vanboekel.com\\\/de\\\/wp-content\\\/uploads\\\/sites\\\/2\\\/2020\\\/07\\\/SVU.jpg\",\"width\":1700,\"height\":850},{\"@type\":\"BreadcrumbList\",\"@id\":\"https:\\\/\\\/vanboekel.com\\\/de\\\/svu\\\/#breadcrumb\",\"itemListElement\":[{\"@type\":\"ListItem\",\"position\":1,\"name\":\"Home\",\"item\":\"https:\\\/\\\/vanboekel.com\\\/de\\\/home\\\/\"},{\"@type\":\"ListItem\",\"position\":2,\"name\":\"SVU\"}]},{\"@type\":\"WebSite\",\"@id\":\"https:\\\/\\\/vanboekel.com\\\/de\\\/#website\",\"url\":\"https:\\\/\\\/vanboekel.com\\\/de\\\/\",\"name\":\"Van Boekel DE\",\"description\":\"Een andere Van Boekel sites site\",\"potentialAction\":[{\"@type\":\"SearchAction\",\"target\":{\"@type\":\"EntryPoint\",\"urlTemplate\":\"https:\\\/\\\/vanboekel.com\\\/de\\\/?s={search_term_string}\"},\"query-input\":{\"@type\":\"PropertyValueSpecification\",\"valueRequired\":true,\"valueName\":\"search_term_string\"}}],\"inLanguage\":\"de\"}]}<\/script>\n<!-- \/ Yoast SEO plugin. -->","yoast_head_json":{"title":"Van Boekel tr\u00e4gt zur sozialen Verantwortung von Unternehmen bei","description":"Die Van Boekel Groep arbeitet mit ihren Kunden zusammen, um die Welt von morgen zu schaffen. Durch die Realisierung von Projekten, die dem Au\u00dfenraum eine hohe Qualit\u00e4t verleihen.","robots":{"index":"index","follow":"follow","max-snippet":"max-snippet:-1","max-image-preview":"max-image-preview:large","max-video-preview":"max-video-preview:-1"},"canonical":"https:\/\/vanboekel.com\/de\/svu\/","og_locale":"de_DE","og_type":"article","og_title":"Van Boekel tr\u00e4gt zur sozialen Verantwortung von Unternehmen bei","og_description":"Die Van Boekel Groep arbeitet mit ihren Kunden zusammen, um die Welt von morgen zu schaffen. Durch die Realisierung von Projekten, die dem Au\u00dfenraum eine hohe Qualit\u00e4t verleihen.","og_url":"https:\/\/vanboekel.com\/de\/svu\/","og_site_name":"Van Boekel DE","article_modified_time":"2020-11-28T12:05:21+00:00","og_image":[{"width":1700,"height":850,"url":"https:\/\/vanboekel.com\/de\/wp-content\/uploads\/sites\/2\/2020\/07\/SVU.jpg","type":"image\/jpeg"}],"twitter_card":"summary_large_image","twitter_misc":{"Gesch\u00e4tzte Lesezeit":"5\u00a0Minuten"},"schema":{"@context":"https:\/\/schema.org","@graph":[{"@type":"WebPage","@id":"https:\/\/vanboekel.com\/de\/svu\/","url":"https:\/\/vanboekel.com\/de\/svu\/","name":"Van Boekel tr\u00e4gt zur sozialen Verantwortung von Unternehmen bei","isPartOf":{"@id":"https:\/\/vanboekel.com\/de\/#website"},"primaryImageOfPage":{"@id":"https:\/\/vanboekel.com\/de\/svu\/#primaryimage"},"image":{"@id":"https:\/\/vanboekel.com\/de\/svu\/#primaryimage"},"thumbnailUrl":"https:\/\/vanboekel.com\/de\/wp-content\/uploads\/sites\/2\/2020\/07\/SVU.jpg","datePublished":"2020-07-28T12:48:57+00:00","dateModified":"2020-11-28T12:05:21+00:00","description":"Die Van Boekel Groep arbeitet mit ihren Kunden zusammen, um die Welt von morgen zu schaffen. Durch die Realisierung von Projekten, die dem Au\u00dfenraum eine hohe Qualit\u00e4t verleihen.","breadcrumb":{"@id":"https:\/\/vanboekel.com\/de\/svu\/#breadcrumb"},"inLanguage":"de","potentialAction":[{"@type":"ReadAction","target":["https:\/\/vanboekel.com\/de\/svu\/"]}]},{"@type":"ImageObject","inLanguage":"de","@id":"https:\/\/vanboekel.com\/de\/svu\/#primaryimage","url":"https:\/\/vanboekel.com\/de\/wp-content\/uploads\/sites\/2\/2020\/07\/SVU.jpg","contentUrl":"https:\/\/vanboekel.com\/de\/wp-content\/uploads\/sites\/2\/2020\/07\/SVU.jpg","width":1700,"height":850},{"@type":"BreadcrumbList","@id":"https:\/\/vanboekel.com\/de\/svu\/#breadcrumb","itemListElement":[{"@type":"ListItem","position":1,"name":"Home","item":"https:\/\/vanboekel.com\/de\/home\/"},{"@type":"ListItem","position":2,"name":"SVU"}]},{"@type":"WebSite","@id":"https:\/\/vanboekel.com\/de\/#website","url":"https:\/\/vanboekel.com\/de\/","name":"Van Boekel DE","description":"Een andere Van Boekel sites site","potentialAction":[{"@type":"SearchAction","target":{"@type":"EntryPoint","urlTemplate":"https:\/\/vanboekel.com\/de\/?s={search_term_string}"},"query-input":{"@type":"PropertyValueSpecification","valueRequired":true,"valueName":"search_term_string"}}],"inLanguage":"de"}]}},"_links":{"self":[{"href":"https:\/\/vanboekel.com\/de\/wp-json\/wp\/v2\/pages\/207","targetHints":{"allow":["GET"]}}],"collection":[{"href":"https:\/\/vanboekel.com\/de\/wp-json\/wp\/v2\/pages"}],"about":[{"href":"https:\/\/vanboekel.com\/de\/wp-json\/wp\/v2\/types\/page"}],"author":[{"embeddable":true,"href":"https:\/\/vanboekel.com\/de\/wp-json\/wp\/v2\/users\/5"}],"replies":[{"embeddable":true,"href":"https:\/\/vanboekel.com\/de\/wp-json\/wp\/v2\/comments?post=207"}],"version-history":[{"count":3,"href":"https:\/\/vanboekel.com\/de\/wp-json\/wp\/v2\/pages\/207\/revisions"}],"predecessor-version":[{"id":739,"href":"https:\/\/vanboekel.com\/de\/wp-json\/wp\/v2\/pages\/207\/revisions\/739"}],"wp:featuredmedia":[{"embeddable":true,"href":"https:\/\/vanboekel.com\/de\/wp-json\/wp\/v2\/media\/209"}],"wp:attachment":[{"href":"https:\/\/vanboekel.com\/de\/wp-json\/wp\/v2\/media?parent=207"}],"curies":[{"name":"wp","href":"https:\/\/api.w.org\/{rel}","templated":true}]}}