{"id":243,"date":"2020-07-29T10:13:45","date_gmt":"2020-07-29T10:13:45","guid":{"rendered":"https:\/\/vanboekel.com\/de\/?page_id=243"},"modified":"2024-06-10T08:41:08","modified_gmt":"2024-06-10T08:41:08","slug":"nachhaltigkeit","status":"publish","type":"page","link":"https:\/\/vanboekel.com\/de\/nachhaltigkeit\/","title":{"rendered":"Nachhaltigkeit"},"content":{"rendered":"<div id='bouw-infra'  class='av-layout-grid-container av-gavgu-df8f6e53c9cbf386c0da15ac67394d54 entry-content-wrapper main_color av-flex-cells  avia-builder-el-0  el_before_av_layout_row  avia-builder-el-first   container_wrap sidebar_right'  >\n\n<style type=\"text\/css\" data-created_by=\"avia_inline_auto\" id=\"style-css-av-k20433d1-bb4ddbb52c7e78cf822ae45d470baeaf\">\n.flex_cell.av-k20433d1-bb4ddbb52c7e78cf822ae45d470baeaf{\nvertical-align:middle;\nheight:300px;\nmin-height:300px;\n}\n.responsive #top #wrap_all .flex_cell.av-k20433d1-bb4ddbb52c7e78cf822ae45d470baeaf{\npadding:80px 80px 80px 80px !important;\n}\n<\/style>\n<div class='flex_cell av-k20433d1-bb4ddbb52c7e78cf822ae45d470baeaf av-gridrow-cell av_one_half no_margin  avia-builder-el-1  el_before_av_cell_one_half  avia-builder-el-first  content-align-middle'  ><div class='flex_cell_inner'><p>\n<style type=\"text\/css\" data-created_by=\"avia_inline_auto\" id=\"style-css-av-kd77n87i-4bcec896a9845a5a897c0938b797afdc\">\n#top .av-special-heading.av-kd77n87i-4bcec896a9845a5a897c0938b797afdc{\npadding-bottom:10px;\n}\nbody .av-special-heading.av-kd77n87i-4bcec896a9845a5a897c0938b797afdc .av-special-heading-tag .heading-char{\nfont-size:25px;\n}\n.av-special-heading.av-kd77n87i-4bcec896a9845a5a897c0938b797afdc .av-subheading{\nfont-size:15px;\n}\n<\/style>\n<div  class='av-special-heading av-kd77n87i-4bcec896a9845a5a897c0938b797afdc av-special-heading-h2 blockquote modern-quote  avia-builder-el-2  el_before_av_hr  avia-builder-el-first  av-linked-heading'><h2 class='av-special-heading-tag '  itemprop=\"headline\"  >Nachhaltigkeit<\/h2><div class=\"special-heading-border\"><div class=\"special-heading-inner-border\"><\/div><\/div><\/div><br \/>\n\n<style type=\"text\/css\" data-created_by=\"avia_inline_auto\" id=\"style-css-av-k20hbmkz-e5b805306441fdcb7b72b0de55234b4f\">\n#top .hr.av-k20hbmkz-e5b805306441fdcb7b72b0de55234b4f{\nmargin-top:15px;\nmargin-bottom:20px;\n}\n.hr.av-k20hbmkz-e5b805306441fdcb7b72b0de55234b4f .hr-inner{\nwidth:80px;\nborder-color:#c1e38b;\n}\n<\/style>\n<div  class='hr av-k20hbmkz-e5b805306441fdcb7b72b0de55234b4f hr-custom  avia-builder-el-3  el_after_av_heading  el_before_av_textblock  hr-left hr-icon-no'><span class='hr-inner inner-border-av-border-fat'><span class=\"hr-inner-style\"><\/span><\/span><\/div><br \/>\n<section  class='av_textblock_section av-k1kglo11-3f21a0cd6fbea117bdac927f61de153d '   itemscope=\"itemscope\" itemtype=\"https:\/\/schema.org\/CreativeWork\" ><div class='avia_textblock'  itemprop=\"text\" ><p>Die Bedeutung der Nachhaltigkeit ist unbestritten. Gleichzeitig ist Nachhaltigkeit aber auch ein weit gefasstes Konzept, an dem die Van Boekel Groep in vielen Gesch\u00e4ftsbereichen arbeitet. So streben wir beispielsweise eine CO\u2082 bewusste Gesch\u00e4ftst\u00e4tigkeit mit einer kontinuierlichen Reduktion der Emissionen an. Unsere Mitarbeiter werden sich zunehmend der Bedeutung der Reduzierung von Emissionen bewusst. Schlie\u00dflich kann jeder f\u00fcr sich einen Beitrag dazu leisten.<\/p>\n<p>Die Van Boekel Groep k\u00fcmmert sich in einer Vielzahl von Bereichen im Rahmen unserer Gesch\u00e4ftst\u00e4tigkeit um die Umwelt. Wir wollen nachhaltig handeln, auch auf Baustellen. Wir wollen nicht nur die Emissionen reduzieren, sondern auch die Zahl der Verkehrsbewegungen verringern. Dar\u00fcber hinaus registrieren wir die Abfallstr\u00f6me. Wir haben bei uns die Verantwortung f\u00fcr die Umwelt einem eigens daf\u00fcr Beauftragten \u00fcbertragen. Nat\u00fcrlich wird die Korrespondenz mit den zust\u00e4ndigen Beh\u00f6rden systematisch erfasst, und es gibt auch ein Schulungsprogramm.<\/p>\n<p>F\u00fcr uns sind nachhaltiger Einkauf und nachhaltiges Bauen wesentliche Themen in unserer Gesch\u00e4ftst\u00e4tigkeit. Dar\u00fcber hinaus leisten wir einen positiven Beitrag zur Klimapolitik, indem wir alle unsere eigenen Energiestr\u00f6me wie Treibstoff und Elektrizit\u00e4t registrieren und reduzieren. Ausgangspunkte sind dabei das weltweit angewandte und anerkannte THG-Protokoll sowie 6001 (Energiemanagement).<\/p>\n<\/div><\/section><\/p>\n<\/div><\/div>\n<style type=\"text\/css\" data-created_by=\"avia_inline_auto\" id=\"style-css-av-k2042smp-5240d877d6e0ec0f38fea5b13362600e\">\n.flex_cell.av-k2042smp-5240d877d6e0ec0f38fea5b13362600e{\nvertical-align:middle;\nheight:300px;\nmin-height:300px;\nbackground:url(https:\/\/vanboekel.com\/de\/wp-content\/uploads\/sites\/2\/2024\/06\/Volvo-2024.jpg) 50% 50% no-repeat scroll ;\n}\n.responsive #top #wrap_all .flex_cell.av-k2042smp-5240d877d6e0ec0f38fea5b13362600e{\npadding:30px 30px 30px 30px !important;\n}\n<\/style>\n<div class='flex_cell av-k2042smp-5240d877d6e0ec0f38fea5b13362600e av-gridrow-cell av_one_half no_margin  avia-builder-el-5  el_after_av_cell_one_half  avia-builder-el-last  content-align-middle avia-full-stretch'  ><div class='flex_cell_inner'><\/div><\/div><\/div><div id='av-layout-grid-2'  class='av-layout-grid-container av-11snm-916bf4d2433b6a7f79d7079e88b23691 entry-content-wrapper main_color av-fixed-cells  avia-builder-el-6  el_after_av_layout_row  avia-builder-el-last  grid-row-not-first  container_wrap sidebar_right'  >\n\n<style type=\"text\/css\" data-created_by=\"avia_inline_auto\" id=\"style-css-av-k1uqvdff-fb6a9b6760bff651aa7861341ef3fcf4\">\n.flex_cell.av-k1uqvdff-fb6a9b6760bff651aa7861341ef3fcf4{\nvertical-align:top;\nheight:15px;\nmin-height:15px;\nbackground-color:#6caf00;\n}\n.responsive #top #wrap_all .flex_cell.av-k1uqvdff-fb6a9b6760bff651aa7861341ef3fcf4{\npadding:0px 0px 0px 0px !important;\n}\n<\/style>\n<div class='flex_cell av-k1uqvdff-fb6a9b6760bff651aa7861341ef3fcf4 av-gridrow-cell av_one_third no_margin  avia-builder-el-7  el_before_av_cell_one_third  avia-builder-el-first  content-align-top av-zero-padding'  ><div class='flex_cell_inner'><\/div><\/div>\n<style type=\"text\/css\" data-created_by=\"avia_inline_auto\" id=\"style-css-av-k1uqvg2p-c4c08a95850980072f8421465b60b155\">\n.flex_cell.av-k1uqvg2p-c4c08a95850980072f8421465b60b155{\nvertical-align:top;\nheight:15px;\nmin-height:15px;\nbackground-color:#90cd2e;\n}\n.responsive #top #wrap_all .flex_cell.av-k1uqvg2p-c4c08a95850980072f8421465b60b155{\npadding:0px 0px 0px 0px !important;\n}\n<\/style>\n<div class='flex_cell av-k1uqvg2p-c4c08a95850980072f8421465b60b155 av-gridrow-cell av_one_third no_margin  avia-builder-el-8  el_after_av_cell_one_third  el_before_av_cell_one_third  content-align-top av-zero-padding'  ><div class='flex_cell_inner'><\/div><\/div>\n<style type=\"text\/css\" data-created_by=\"avia_inline_auto\" id=\"style-css-av-k1uqvg2p-40c9151bb7694cf7b065d7eac7cd44b6\">\n.flex_cell.av-k1uqvg2p-40c9151bb7694cf7b065d7eac7cd44b6{\nvertical-align:top;\nheight:15px;\nmin-height:15px;\nbackground-color:#c1e38b;\n}\n.responsive #top #wrap_all .flex_cell.av-k1uqvg2p-40c9151bb7694cf7b065d7eac7cd44b6{\npadding:0px 0px 0px 0px !important;\n}\n<\/style>\n<div class='flex_cell av-k1uqvg2p-40c9151bb7694cf7b065d7eac7cd44b6 av-gridrow-cell av_one_third no_margin  avia-builder-el-9  el_after_av_cell_one_third  avia-builder-el-last  content-align-top av-zero-padding'  ><div class='flex_cell_inner'><\/div><\/div>\n<\/div><\/p>\n","protected":false},"excerpt":{"rendered":"","protected":false},"author":5,"featured_media":235,"parent":0,"menu_order":0,"comment_status":"closed","ping_status":"closed","template":"","meta":{"footnotes":""},"class_list":["post-243","page","type-page","status-publish","has-post-thumbnail","hentry"],"yoast_head":"<!-- This site is optimized with the Yoast SEO plugin v27.3 - https:\/\/yoast.com\/product\/yoast-seo-wordpress\/ -->\n<title>Van Boekel strebt einen CO\u2082-bewussten Gesch\u00e4ftsbetrieb an<\/title>\n<meta name=\"description\" content=\"Van Boekel strebt einen CO\u2082 bewussten Gesch\u00e4ftsbetrieb mit kontinuierlichen Emissionsreduzierungen an. Das Bewusstsein unter unseren Mitarbeitern w\u00e4chst.\" \/>\n<meta name=\"robots\" content=\"index, follow, max-snippet:-1, max-image-preview:large, max-video-preview:-1\" \/>\n<link rel=\"canonical\" href=\"https:\/\/vanboekel.com\/de\/nachhaltigkeit\/\" \/>\n<meta property=\"og:locale\" content=\"de_DE\" \/>\n<meta property=\"og:type\" content=\"article\" \/>\n<meta property=\"og:title\" content=\"Van Boekel strebt einen CO\u2082-bewussten Gesch\u00e4ftsbetrieb an\" \/>\n<meta property=\"og:description\" content=\"Van Boekel strebt einen CO\u2082 bewussten Gesch\u00e4ftsbetrieb mit kontinuierlichen Emissionsreduzierungen an. Das Bewusstsein unter unseren Mitarbeitern w\u00e4chst.\" \/>\n<meta property=\"og:url\" content=\"https:\/\/vanboekel.com\/de\/nachhaltigkeit\/\" \/>\n<meta property=\"og:site_name\" content=\"Van Boekel DE\" \/>\n<meta property=\"article:modified_time\" content=\"2024-06-10T08:41:08+00:00\" \/>\n<meta property=\"og:image\" content=\"https:\/\/vanboekel.com\/de\/wp-content\/uploads\/sites\/2\/2020\/07\/Haltbarkeit.jpg\" \/>\n\t<meta property=\"og:image:width\" content=\"1700\" \/>\n\t<meta property=\"og:image:height\" content=\"850\" \/>\n\t<meta property=\"og:image:type\" content=\"image\/jpeg\" \/>\n<meta name=\"twitter:card\" content=\"summary_large_image\" \/>\n<meta name=\"twitter:label1\" content=\"Gesch\u00e4tzte Lesezeit\" \/>\n\t<meta name=\"twitter:data1\" content=\"2\u00a0Minuten\" \/>\n<script type=\"application\/ld+json\" class=\"yoast-schema-graph\">{\"@context\":\"https:\\\/\\\/schema.org\",\"@graph\":[{\"@type\":\"WebPage\",\"@id\":\"https:\\\/\\\/vanboekel.com\\\/de\\\/nachhaltigkeit\\\/\",\"url\":\"https:\\\/\\\/vanboekel.com\\\/de\\\/nachhaltigkeit\\\/\",\"name\":\"Van Boekel strebt einen CO\u2082-bewussten Gesch\u00e4ftsbetrieb an\",\"isPartOf\":{\"@id\":\"https:\\\/\\\/vanboekel.com\\\/de\\\/#website\"},\"primaryImageOfPage\":{\"@id\":\"https:\\\/\\\/vanboekel.com\\\/de\\\/nachhaltigkeit\\\/#primaryimage\"},\"image\":{\"@id\":\"https:\\\/\\\/vanboekel.com\\\/de\\\/nachhaltigkeit\\\/#primaryimage\"},\"thumbnailUrl\":\"https:\\\/\\\/vanboekel.com\\\/de\\\/wp-content\\\/uploads\\\/sites\\\/2\\\/2020\\\/07\\\/Haltbarkeit.jpg\",\"datePublished\":\"2020-07-29T10:13:45+00:00\",\"dateModified\":\"2024-06-10T08:41:08+00:00\",\"description\":\"Van Boekel strebt einen CO\u2082 bewussten Gesch\u00e4ftsbetrieb mit kontinuierlichen Emissionsreduzierungen an. Das Bewusstsein unter unseren Mitarbeitern w\u00e4chst.\",\"breadcrumb\":{\"@id\":\"https:\\\/\\\/vanboekel.com\\\/de\\\/nachhaltigkeit\\\/#breadcrumb\"},\"inLanguage\":\"de\",\"potentialAction\":[{\"@type\":\"ReadAction\",\"target\":[\"https:\\\/\\\/vanboekel.com\\\/de\\\/nachhaltigkeit\\\/\"]}]},{\"@type\":\"ImageObject\",\"inLanguage\":\"de\",\"@id\":\"https:\\\/\\\/vanboekel.com\\\/de\\\/nachhaltigkeit\\\/#primaryimage\",\"url\":\"https:\\\/\\\/vanboekel.com\\\/de\\\/wp-content\\\/uploads\\\/sites\\\/2\\\/2020\\\/07\\\/Haltbarkeit.jpg\",\"contentUrl\":\"https:\\\/\\\/vanboekel.com\\\/de\\\/wp-content\\\/uploads\\\/sites\\\/2\\\/2020\\\/07\\\/Haltbarkeit.jpg\",\"width\":1700,\"height\":850},{\"@type\":\"BreadcrumbList\",\"@id\":\"https:\\\/\\\/vanboekel.com\\\/de\\\/nachhaltigkeit\\\/#breadcrumb\",\"itemListElement\":[{\"@type\":\"ListItem\",\"position\":1,\"name\":\"Home\",\"item\":\"https:\\\/\\\/vanboekel.com\\\/de\\\/home\\\/\"},{\"@type\":\"ListItem\",\"position\":2,\"name\":\"Nachhaltigkeit\"}]},{\"@type\":\"WebSite\",\"@id\":\"https:\\\/\\\/vanboekel.com\\\/de\\\/#website\",\"url\":\"https:\\\/\\\/vanboekel.com\\\/de\\\/\",\"name\":\"Van Boekel DE\",\"description\":\"Een andere Van Boekel sites site\",\"potentialAction\":[{\"@type\":\"SearchAction\",\"target\":{\"@type\":\"EntryPoint\",\"urlTemplate\":\"https:\\\/\\\/vanboekel.com\\\/de\\\/?s={search_term_string}\"},\"query-input\":{\"@type\":\"PropertyValueSpecification\",\"valueRequired\":true,\"valueName\":\"search_term_string\"}}],\"inLanguage\":\"de\"}]}<\/script>\n<!-- \/ Yoast SEO plugin. -->","yoast_head_json":{"title":"Van Boekel strebt einen CO\u2082-bewussten Gesch\u00e4ftsbetrieb an","description":"Van Boekel strebt einen CO\u2082 bewussten Gesch\u00e4ftsbetrieb mit kontinuierlichen Emissionsreduzierungen an. Das Bewusstsein unter unseren Mitarbeitern w\u00e4chst.","robots":{"index":"index","follow":"follow","max-snippet":"max-snippet:-1","max-image-preview":"max-image-preview:large","max-video-preview":"max-video-preview:-1"},"canonical":"https:\/\/vanboekel.com\/de\/nachhaltigkeit\/","og_locale":"de_DE","og_type":"article","og_title":"Van Boekel strebt einen CO\u2082-bewussten Gesch\u00e4ftsbetrieb an","og_description":"Van Boekel strebt einen CO\u2082 bewussten Gesch\u00e4ftsbetrieb mit kontinuierlichen Emissionsreduzierungen an. Das Bewusstsein unter unseren Mitarbeitern w\u00e4chst.","og_url":"https:\/\/vanboekel.com\/de\/nachhaltigkeit\/","og_site_name":"Van Boekel DE","article_modified_time":"2024-06-10T08:41:08+00:00","og_image":[{"width":1700,"height":850,"url":"https:\/\/vanboekel.com\/de\/wp-content\/uploads\/sites\/2\/2020\/07\/Haltbarkeit.jpg","type":"image\/jpeg"}],"twitter_card":"summary_large_image","twitter_misc":{"Gesch\u00e4tzte Lesezeit":"2\u00a0Minuten"},"schema":{"@context":"https:\/\/schema.org","@graph":[{"@type":"WebPage","@id":"https:\/\/vanboekel.com\/de\/nachhaltigkeit\/","url":"https:\/\/vanboekel.com\/de\/nachhaltigkeit\/","name":"Van Boekel strebt einen CO\u2082-bewussten Gesch\u00e4ftsbetrieb an","isPartOf":{"@id":"https:\/\/vanboekel.com\/de\/#website"},"primaryImageOfPage":{"@id":"https:\/\/vanboekel.com\/de\/nachhaltigkeit\/#primaryimage"},"image":{"@id":"https:\/\/vanboekel.com\/de\/nachhaltigkeit\/#primaryimage"},"thumbnailUrl":"https:\/\/vanboekel.com\/de\/wp-content\/uploads\/sites\/2\/2020\/07\/Haltbarkeit.jpg","datePublished":"2020-07-29T10:13:45+00:00","dateModified":"2024-06-10T08:41:08+00:00","description":"Van Boekel strebt einen CO\u2082 bewussten Gesch\u00e4ftsbetrieb mit kontinuierlichen Emissionsreduzierungen an. Das Bewusstsein unter unseren Mitarbeitern w\u00e4chst.","breadcrumb":{"@id":"https:\/\/vanboekel.com\/de\/nachhaltigkeit\/#breadcrumb"},"inLanguage":"de","potentialAction":[{"@type":"ReadAction","target":["https:\/\/vanboekel.com\/de\/nachhaltigkeit\/"]}]},{"@type":"ImageObject","inLanguage":"de","@id":"https:\/\/vanboekel.com\/de\/nachhaltigkeit\/#primaryimage","url":"https:\/\/vanboekel.com\/de\/wp-content\/uploads\/sites\/2\/2020\/07\/Haltbarkeit.jpg","contentUrl":"https:\/\/vanboekel.com\/de\/wp-content\/uploads\/sites\/2\/2020\/07\/Haltbarkeit.jpg","width":1700,"height":850},{"@type":"BreadcrumbList","@id":"https:\/\/vanboekel.com\/de\/nachhaltigkeit\/#breadcrumb","itemListElement":[{"@type":"ListItem","position":1,"name":"Home","item":"https:\/\/vanboekel.com\/de\/home\/"},{"@type":"ListItem","position":2,"name":"Nachhaltigkeit"}]},{"@type":"WebSite","@id":"https:\/\/vanboekel.com\/de\/#website","url":"https:\/\/vanboekel.com\/de\/","name":"Van Boekel DE","description":"Een andere Van Boekel sites site","potentialAction":[{"@type":"SearchAction","target":{"@type":"EntryPoint","urlTemplate":"https:\/\/vanboekel.com\/de\/?s={search_term_string}"},"query-input":{"@type":"PropertyValueSpecification","valueRequired":true,"valueName":"search_term_string"}}],"inLanguage":"de"}]}},"_links":{"self":[{"href":"https:\/\/vanboekel.com\/de\/wp-json\/wp\/v2\/pages\/243","targetHints":{"allow":["GET"]}}],"collection":[{"href":"https:\/\/vanboekel.com\/de\/wp-json\/wp\/v2\/pages"}],"about":[{"href":"https:\/\/vanboekel.com\/de\/wp-json\/wp\/v2\/types\/page"}],"author":[{"embeddable":true,"href":"https:\/\/vanboekel.com\/de\/wp-json\/wp\/v2\/users\/5"}],"replies":[{"embeddable":true,"href":"https:\/\/vanboekel.com\/de\/wp-json\/wp\/v2\/comments?post=243"}],"version-history":[{"count":2,"href":"https:\/\/vanboekel.com\/de\/wp-json\/wp\/v2\/pages\/243\/revisions"}],"predecessor-version":[{"id":1417,"href":"https:\/\/vanboekel.com\/de\/wp-json\/wp\/v2\/pages\/243\/revisions\/1417"}],"wp:featuredmedia":[{"embeddable":true,"href":"https:\/\/vanboekel.com\/de\/wp-json\/wp\/v2\/media\/235"}],"wp:attachment":[{"href":"https:\/\/vanboekel.com\/de\/wp-json\/wp\/v2\/media?parent=243"}],"curies":[{"name":"wp","href":"https:\/\/api.w.org\/{rel}","templated":true}]}}